{"id":27,"date":"2015-05-17T21:12:17","date_gmt":"2015-05-17T20:12:17","guid":{"rendered":"http:\/\/www.marcy-sur-anse.com\/wp\/?page_id=27"},"modified":"2015-05-17T21:20:59","modified_gmt":"2015-05-17T20:20:59","slug":"domaine-de-champ-fleury","status":"publish","type":"page","link":"https:\/\/www.marcy-sur-anse.com\/wp\/viticulture\/domaine-de-champ-fleury\/","title":{"rendered":"Domaine de Champ Fleury"},"content":{"rendered":"<p><a href=\"http:\/\/www.marcy-sur-anse.com\/wp\/wp-content\/uploads\/2015\/05\/champsfleury.jpg\"><img loading=\"lazy\" class=\"alignnone size-medium wp-image-28\" src=\"http:\/\/www.marcy-sur-anse.com\/wp\/wp-content\/uploads\/2015\/05\/champsfleury-300x129.jpg\" alt=\"champsfleury\" width=\"300\" height=\"129\" srcset=\"https:\/\/www.marcy-sur-anse.com\/wp\/wp-content\/uploads\/2015\/05\/champsfleury-300x129.jpg 300w, https:\/\/www.marcy-sur-anse.com\/wp\/wp-content\/uploads\/2015\/05\/champsfleury.jpg 326w\" sizes=\"(max-width: 300px) 100vw, 300px\" \/><\/a><\/p>\n<p>Le domaine de Champ Fleury est situ\u00e9 au c\u0153ur du Pays des Pierres Dor\u00e9es, \u00e0 10 km de Villefranche sur Sa\u00f4ne sur une colline entour\u00e9e de vignes.<br \/>\nLe paysage est fait de lignes doucement arrondies, une belle lumi\u00e8re le baigne. Le calme et la tranquillit\u00e9 se respirent partout. <strong>Ici le Beaujolais est roi.<\/strong><br \/>\nL\u2019exposition de notre vignoble est id\u00e9ale :<br \/>\nLes vignes plongent leurs racines dans un sol argilocalcaire, orient\u00e9 vers le soleil levant.<\/p>\n<p>C\u2019est de tout c\u0153ur que nous vous invitons au domaine de Champ Fleury si l\u2019occasion vous le permet. Vous visiterez notre caveau en pierres dor\u00e9es datant du 18\u00e8me si\u00e8cle et d\u00e9gusterez nos vins affin\u00e9s dans le calme de nos caves.<\/p>\n<p>Plus de d\u00e9tails sur\u00a0<a href=\"http:\/\/www.domaine-du-champ-fleury.com\/\">http:\/\/www.domaine-du-champ-fleury.com\/<\/a><\/p>\n<p>&nbsp;<\/p>\n","protected":false},"excerpt":{"rendered":"<p>Le domaine de Champ Fleury est situ\u00e9 au c\u0153ur du Pays des Pierres Dor\u00e9es, \u00e0 10 km de Villefranche sur Sa\u00f4ne sur une colline entour\u00e9e de vignes. Le paysage est fait de lignes doucement arrondies, une belle lumi\u00e8re le baigne. Le calme et la tranquillit\u00e9 se respirent partout. Ici le Beaujolais est roi. L\u2019exposition de &hellip; <a href=\"https:\/\/www.marcy-sur-anse.com\/wp\/viticulture\/domaine-de-champ-fleury\/\" class=\"more-link\">Continuer la lecture de <span class=\"screen-reader-text\">Domaine de Champ Fleury<\/span> <span class=\"meta-nav\">&rarr;<\/span><\/a><\/p>\n","protected":false},"author":1,"featured_media":0,"parent":24,"menu_order":5,"comment_status":"open","ping_status":"open","template":"","meta":[],"_links":{"self":[{"href":"https:\/\/www.marcy-sur-anse.com\/wp\/wp-json\/wp\/v2\/pages\/27"}],"collection":[{"href":"https:\/\/www.marcy-sur-anse.com\/wp\/wp-json\/wp\/v2\/pages"}],"about":[{"href":"https:\/\/www.marcy-sur-anse.com\/wp\/wp-json\/wp\/v2\/types\/page"}],"author":[{"embeddable":true,"href":"https:\/\/www.marcy-sur-anse.com\/wp\/wp-json\/wp\/v2\/users\/1"}],"replies":[{"embeddable":true,"href":"https:\/\/www.marcy-sur-anse.com\/wp\/wp-json\/wp\/v2\/comments?post=27"}],"version-history":[{"count":1,"href":"https:\/\/www.marcy-sur-anse.com\/wp\/wp-json\/wp\/v2\/pages\/27\/revisions"}],"predecessor-version":[{"id":29,"href":"https:\/\/www.marcy-sur-anse.com\/wp\/wp-json\/wp\/v2\/pages\/27\/revisions\/29"}],"up":[{"embeddable":true,"href":"https:\/\/www.marcy-sur-anse.com\/wp\/wp-json\/wp\/v2\/pages\/24"}],"wp:attachment":[{"href":"https:\/\/www.marcy-sur-anse.com\/wp\/wp-json\/wp\/v2\/media?parent=27"}],"curies":[{"name":"wp","href":"https:\/\/api.w.org\/{rel}","templated":true}]}}